{"id":71362,"date":"2026-01-09T16:45:53","date_gmt":"2026-01-09T15:45:53","guid":{"rendered":"https:\/\/balexert.ch\/?page_id=71362"},"modified":"2026-01-09T16:45:53","modified_gmt":"2026-01-09T15:45:53","slug":"jobs","status":"publish","type":"page","link":"https:\/\/balexert.ch\/en\/jobs\/","title":{"rendered":"Jobs"},"content":{"rendered":"<div class=\"wysiwyg-styled\"><h3><strong>Find your next job at Balexert<\/strong><\/h3>\n<div>Discover numerous career opportunities and find your next job at Balexert. Whether you&#8217;re looking for a new challenge or a position that perfectly matches your skills, Balexert offers a wide range of opportunities to build your professional future.<\/div>\n<p><span style=\"color: #ffffff;\">\u2013<\/span><\/p>\n<p><strong>Interested in working for\u00a0 Soci\u00e9t\u00e9 coop\u00e9rative Migros Gen\u00e8ve?<\/strong><\/p>\n<p>Discover all job offers on the Migros platform.<\/p>\n<p><span style=\"color: #ffffff;\">\u2013<\/span><\/p>\n<p><a class=\"button\" href=\"https:\/\/jobs.migros.ch\/fr\/nos-entreprises\/societe-cooperative-migros-geneve\/postes-vacants\" target=\"_blank\" rel=\"noopener\">JOBS.MIGROS.CH<\/a><\/p>\n<p><span style=\"color: #ffffff;\">\u2013<\/span><\/p>\n<p><strong>Interested in working for another store in the centre?<\/strong><\/p>\n<p>Please contact the store of your choice directly.<\/p>\n<p><span style=\"color: #ffffff;\">\u2013<\/span><\/p>\n<p><a class=\"button\" href=\"https:\/\/balexert.ch\/boutiques\/\" target=\"_blank\" rel=\"noopener\">140 STORES<\/a><\/p>\n<\/div>","protected":false},"excerpt":{"rendered":"<p>Find your next job at Balexert Discover numerous career opportunities and find your next job at Balexert. Whether you&#8217;re looking for a new challenge or&#8230;<\/p>\n","protected":false},"author":43,"featured_media":0,"parent":0,"menu_order":0,"comment_status":"closed","ping_status":"closed","template":"","meta":{"_acf_changed":false,"footnotes":""},"class_list":["post-71362","page","type-page","status-publish","hentry"],"acf":[],"yoast_head":"<!-- This site is optimized with the Yoast SEO plugin v27.3 - https:\/\/yoast.com\/product\/yoast-seo-wordpress\/ -->\n<title>Jobs - Balexert<\/title>\n<meta name=\"description\" content=\"Find your next job at Balexert, in one of the 140 shops in the centre.\" \/>\n<meta name=\"robots\" content=\"index, follow, max-snippet:-1, max-image-preview:large, max-video-preview:-1\" \/>\n<link rel=\"canonical\" href=\"https:\/\/balexert.ch\/en\/jobs\/\" \/>\n<meta property=\"og:locale\" content=\"en_US\" \/>\n<meta property=\"og:type\" content=\"article\" \/>\n<meta property=\"og:title\" content=\"Jobs - Balexert\" \/>\n<meta property=\"og:description\" content=\"Find your next job at Balexert, in one of the 140 shops in the centre.\" \/>\n<meta property=\"og:url\" content=\"https:\/\/balexert.ch\/en\/jobs\/\" \/>\n<meta property=\"og:site_name\" content=\"Balexert\" \/>\n<meta property=\"og:image\" content=\"https:\/\/balexert.ch\/app\/uploads\/2019\/08\/img-partage-og.jpg\" \/>\n\t<meta property=\"og:image:width\" content=\"1200\" \/>\n\t<meta property=\"og:image:height\" content=\"630\" \/>\n\t<meta property=\"og:image:type\" content=\"image\/jpeg\" \/>\n<meta name=\"twitter:card\" content=\"summary_large_image\" \/>\n<meta name=\"twitter:label1\" content=\"Est. reading time\" \/>\n\t<meta name=\"twitter:data1\" content=\"1 minute\" \/>\n<script type=\"application\/ld+json\" class=\"yoast-schema-graph\">{\"@context\":\"https:\\\/\\\/schema.org\",\"@graph\":[{\"@type\":\"WebPage\",\"@id\":\"https:\\\/\\\/balexert.ch\\\/en\\\/jobs\\\/\",\"url\":\"https:\\\/\\\/balexert.ch\\\/en\\\/jobs\\\/\",\"name\":\"Jobs - Balexert\",\"isPartOf\":{\"@id\":\"https:\\\/\\\/balexert.ch\\\/en\\\/#website\"},\"datePublished\":\"2026-01-09T15:45:53+00:00\",\"description\":\"Find your next job at Balexert, in one of the 140 shops in the centre.\",\"breadcrumb\":{\"@id\":\"https:\\\/\\\/balexert.ch\\\/en\\\/jobs\\\/#breadcrumb\"},\"inLanguage\":\"en-CH\",\"potentialAction\":[{\"@type\":\"ReadAction\",\"target\":[\"https:\\\/\\\/balexert.ch\\\/en\\\/jobs\\\/\"]}]},{\"@type\":\"BreadcrumbList\",\"@id\":\"https:\\\/\\\/balexert.ch\\\/en\\\/jobs\\\/#breadcrumb\",\"itemListElement\":[{\"@type\":\"ListItem\",\"position\":1,\"name\":\"Home\",\"item\":\"https:\\\/\\\/balexert.ch\\\/en\\\/\"},{\"@type\":\"ListItem\",\"position\":2,\"name\":\"Jobs\"}]},{\"@type\":\"WebSite\",\"@id\":\"https:\\\/\\\/balexert.ch\\\/en\\\/#website\",\"url\":\"https:\\\/\\\/balexert.ch\\\/en\\\/\",\"name\":\"Balexert\",\"description\":\"Centre Balexert SA\",\"publisher\":{\"@id\":\"https:\\\/\\\/balexert.ch\\\/en\\\/#organization\"},\"potentialAction\":[{\"@type\":\"SearchAction\",\"target\":{\"@type\":\"EntryPoint\",\"urlTemplate\":\"https:\\\/\\\/balexert.ch\\\/en\\\/?s={search_term_string}\"},\"query-input\":{\"@type\":\"PropertyValueSpecification\",\"valueRequired\":true,\"valueName\":\"search_term_string\"}}],\"inLanguage\":\"en-CH\"},{\"@type\":\"Organization\",\"@id\":\"https:\\\/\\\/balexert.ch\\\/en\\\/#organization\",\"name\":\"Balexert\",\"url\":\"https:\\\/\\\/balexert.ch\\\/en\\\/\",\"logo\":{\"@type\":\"ImageObject\",\"inLanguage\":\"en-CH\",\"@id\":\"https:\\\/\\\/balexert.ch\\\/en\\\/#\\\/schema\\\/logo\\\/image\\\/\",\"url\":\"https:\\\/\\\/balexert.ch\\\/app\\\/uploads\\\/2023\\\/10\\\/balexert.png\",\"contentUrl\":\"https:\\\/\\\/balexert.ch\\\/app\\\/uploads\\\/2023\\\/10\\\/balexert.png\",\"width\":450,\"height\":86,\"caption\":\"Balexert\"},\"image\":{\"@id\":\"https:\\\/\\\/balexert.ch\\\/en\\\/#\\\/schema\\\/logo\\\/image\\\/\"}}]}<\/script>\n<!-- \/ Yoast SEO plugin. -->","yoast_head_json":{"title":"Jobs - Balexert","description":"Find your next job at Balexert, in one of the 140 shops in the centre.","robots":{"index":"index","follow":"follow","max-snippet":"max-snippet:-1","max-image-preview":"max-image-preview:large","max-video-preview":"max-video-preview:-1"},"canonical":"https:\/\/balexert.ch\/en\/jobs\/","og_locale":"en_US","og_type":"article","og_title":"Jobs - Balexert","og_description":"Find your next job at Balexert, in one of the 140 shops in the centre.","og_url":"https:\/\/balexert.ch\/en\/jobs\/","og_site_name":"Balexert","og_image":[{"width":1200,"height":630,"url":"https:\/\/balexert.ch\/app\/uploads\/2019\/08\/img-partage-og.jpg","type":"image\/jpeg"}],"twitter_card":"summary_large_image","twitter_misc":{"Est. reading time":"1 minute"},"schema":{"@context":"https:\/\/schema.org","@graph":[{"@type":"WebPage","@id":"https:\/\/balexert.ch\/en\/jobs\/","url":"https:\/\/balexert.ch\/en\/jobs\/","name":"Jobs - Balexert","isPartOf":{"@id":"https:\/\/balexert.ch\/en\/#website"},"datePublished":"2026-01-09T15:45:53+00:00","description":"Find your next job at Balexert, in one of the 140 shops in the centre.","breadcrumb":{"@id":"https:\/\/balexert.ch\/en\/jobs\/#breadcrumb"},"inLanguage":"en-CH","potentialAction":[{"@type":"ReadAction","target":["https:\/\/balexert.ch\/en\/jobs\/"]}]},{"@type":"BreadcrumbList","@id":"https:\/\/balexert.ch\/en\/jobs\/#breadcrumb","itemListElement":[{"@type":"ListItem","position":1,"name":"Home","item":"https:\/\/balexert.ch\/en\/"},{"@type":"ListItem","position":2,"name":"Jobs"}]},{"@type":"WebSite","@id":"https:\/\/balexert.ch\/en\/#website","url":"https:\/\/balexert.ch\/en\/","name":"Balexert","description":"Centre Balexert SA","publisher":{"@id":"https:\/\/balexert.ch\/en\/#organization"},"potentialAction":[{"@type":"SearchAction","target":{"@type":"EntryPoint","urlTemplate":"https:\/\/balexert.ch\/en\/?s={search_term_string}"},"query-input":{"@type":"PropertyValueSpecification","valueRequired":true,"valueName":"search_term_string"}}],"inLanguage":"en-CH"},{"@type":"Organization","@id":"https:\/\/balexert.ch\/en\/#organization","name":"Balexert","url":"https:\/\/balexert.ch\/en\/","logo":{"@type":"ImageObject","inLanguage":"en-CH","@id":"https:\/\/balexert.ch\/en\/#\/schema\/logo\/image\/","url":"https:\/\/balexert.ch\/app\/uploads\/2023\/10\/balexert.png","contentUrl":"https:\/\/balexert.ch\/app\/uploads\/2023\/10\/balexert.png","width":450,"height":86,"caption":"Balexert"},"image":{"@id":"https:\/\/balexert.ch\/en\/#\/schema\/logo\/image\/"}}]}},"publishpress_future_action":{"enabled":false,"date":"2026-05-05 04:52:53","action":"change-status","newStatus":"draft","terms":[],"taxonomy":"translation_priority","extraData":[]},"publishpress_future_workflow_manual_trigger":{"enabledWorkflows":[]},"_links":{"self":[{"href":"https:\/\/balexert.ch\/en\/wp-json\/wp\/v2\/pages\/71362","targetHints":{"allow":["GET"]}}],"collection":[{"href":"https:\/\/balexert.ch\/en\/wp-json\/wp\/v2\/pages"}],"about":[{"href":"https:\/\/balexert.ch\/en\/wp-json\/wp\/v2\/types\/page"}],"author":[{"embeddable":true,"href":"https:\/\/balexert.ch\/en\/wp-json\/wp\/v2\/users\/43"}],"replies":[{"embeddable":true,"href":"https:\/\/balexert.ch\/en\/wp-json\/wp\/v2\/comments?post=71362"}],"version-history":[{"count":1,"href":"https:\/\/balexert.ch\/en\/wp-json\/wp\/v2\/pages\/71362\/revisions"}],"predecessor-version":[{"id":71363,"href":"https:\/\/balexert.ch\/en\/wp-json\/wp\/v2\/pages\/71362\/revisions\/71363"}],"wp:attachment":[{"href":"https:\/\/balexert.ch\/en\/wp-json\/wp\/v2\/media?parent=71362"}],"curies":[{"name":"wp","href":"https:\/\/api.w.org\/{rel}","templated":true}]}}